{"id":210,"date":"2024-10-31T18:32:33","date_gmt":"2024-10-31T17:32:33","guid":{"rendered":"https:\/\/www.jbsmt.fr\/calendrier\/?page_id=210"},"modified":"2024-11-13T17:50:40","modified_gmt":"2024-11-13T16:50:40","slug":"210-2","status":"publish","type":"page","link":"https:\/\/www.jbsmt.fr\/calendrier\/index.php\/210-2\/","title":{"rendered":"Tarifs de d\u00e9pannage"},"content":{"rendered":"\n<h3 class=\"wp-block-heading has-luminous-vivid-orange-color has-text-color has-link-color wp-elements-3cda35267bcbf363a086cd9f5db6a736\">Tarifs de d\u00e9pannage&nbsp;<strong>de nos prestations Informatique<\/strong><\/h3>\n\n\n\n<p>Le prix d\u2019un d\u00e9pannage informatique peut \u00eatre factur\u00e9 \u00e0 l\u2019heure ou au forfait. Les forfaits concernent les interventions courantes et bien d\u00e9finies, comme une installation OS, d\u00e9sinfection virus ou d\u00e9soxydation (du liquide&nbsp;renvers\u00e9)&nbsp; . Les tarifs d\u00e9pannage informatiques peuvent varier en fonction de la marque (PC ou Mac) et de la complexit\u00e9 de la prestation&nbsp;: de 30\u20ac \u00e0 200\u20ac ttc. Les tarifs horaires sont appliqu\u00e9s pour les interventions qui sortent du cadre des forfaits, o\u00f9 la prestation varie fortement en fonction du volume des donn\u00e9es, de l\u2019\u00e9tat du mat\u00e9riel et d\u2019autres crit\u00e8res. Les forfaits d\u00e9pannage informatique \u00e0 l\u2019heure peuvent varier de 30\u20ac \u00e0 100\u20ac ttc.<\/p>\n\n\n\n<p>Lorsque vous rencontrez des probl\u00e8mes qui n\u2019entrent dans aucune offre forfaitaire, vous pouvez demander une assistance factur\u00e9e \u00e0 la dur\u00e9e. Cette offre est particuli\u00e8rement adapt\u00e9e quand vous \u00eates face \u00e0 diff\u00e9rents petits probl\u00e8mes au cours de l\u2019ann\u00e9e.<\/p>\n\n\n\n<p><strong>JBSMT Informatique<\/strong>&nbsp;assure un service de d\u00e9pannage informatique aux tarifs comp\u00e9titifs. Le diagnostic et le devis en atelier vous sont offerts et le tarif appliqu\u00e9 vous est communiqu\u00e9 pour accord en amont de toute intervention. Nos interventions vous sont propos\u00e9es sous forme de forfaits tout inclus.<\/p>\n\n\n\n<p><strong><em>* La r\u00e9cup\u00e9ration des donn\u00e9es peut \u00eatre effectu\u00e9e dans la limite de la faisabilit\u00e9 : disque dur trop endommag\u00e9.<\/em><\/strong><\/p>\n\n\n\n<div class=\"wp-block-buttons is-layout-flex wp-block-buttons-is-layout-flex\">\n<div class=\"wp-block-button is-style-outline is-style-outline--425b5f5de5fdd28b29592027bd5abfb9\"><a class=\"wp-block-button__link wp-element-button\" href=\"https:\/\/www.jbsmt.fr\/\" target=\"_blank\" rel=\"noreferrer noopener nofollow\">Retour vers la page Accueil<\/a><\/div>\n<\/div>\n\n\n\n<p><\/p>\n","protected":false},"excerpt":{"rendered":"<p>Tarifs de d\u00e9pannage&nbsp;de nos prestations Informatique Le prix d\u2019un d\u00e9pannage informatique peut \u00eatre factur\u00e9 \u00e0 l\u2019heure ou au forfait. Les forfaits concernent les interventions courantes et bien d\u00e9finies, comme une installation OS, d\u00e9sinfection virus ou d\u00e9soxydation (du liquide&nbsp;renvers\u00e9)&nbsp; . Les tarifs d\u00e9pannage informatiques peuvent varier en fonction de la marque (PC ou Mac) et de [&hellip;]<\/p>\n","protected":false},"author":1,"featured_media":0,"parent":0,"menu_order":5,"comment_status":"closed","ping_status":"closed","template":"","meta":{"footnotes":""},"class_list":["post-210","page","type-page","status-publish","hentry"],"_links":{"self":[{"href":"https:\/\/www.jbsmt.fr\/calendrier\/index.php\/wp-json\/wp\/v2\/pages\/210"}],"collection":[{"href":"https:\/\/www.jbsmt.fr\/calendrier\/index.php\/wp-json\/wp\/v2\/pages"}],"about":[{"href":"https:\/\/www.jbsmt.fr\/calendrier\/index.php\/wp-json\/wp\/v2\/types\/page"}],"author":[{"embeddable":true,"href":"https:\/\/www.jbsmt.fr\/calendrier\/index.php\/wp-json\/wp\/v2\/users\/1"}],"replies":[{"embeddable":true,"href":"https:\/\/www.jbsmt.fr\/calendrier\/index.php\/wp-json\/wp\/v2\/comments?post=210"}],"version-history":[{"count":6,"href":"https:\/\/www.jbsmt.fr\/calendrier\/index.php\/wp-json\/wp\/v2\/pages\/210\/revisions"}],"predecessor-version":[{"id":239,"href":"https:\/\/www.jbsmt.fr\/calendrier\/index.php\/wp-json\/wp\/v2\/pages\/210\/revisions\/239"}],"wp:attachment":[{"href":"https:\/\/www.jbsmt.fr\/calendrier\/index.php\/wp-json\/wp\/v2\/media?parent=210"}],"curies":[{"name":"wp","href":"https:\/\/api.w.org\/{rel}","templated":true}]}}